{"id":582,"date":"2019-02-04T12:04:08","date_gmt":"2019-02-04T12:04:08","guid":{"rendered":"http:\/\/entel.hu\/?page_id=582"},"modified":"2025-04-16T10:18:16","modified_gmt":"2025-04-16T10:18:16","slug":"munkaink","status":"publish","type":"page","link":"https:\/\/entel.hu\/hu\/munkaink\/","title":{"rendered":"Munk\u00e1ink"},"content":{"rendered":"\n<p>Az Entel Kft. szakmai munk\u00e1ja sz\u00e9les spektrumot \u00f6lel fel a t\u00e1vk\u00f6zl\u00e9si \u00e9s informatikai szektorra f\u00f3kusz\u00e1lva. A v\u00e1llalat t\u00f6bb mint k\u00e9t \u00e9vtizedes m\u00faltra visszatekint\u0151 referencialist\u00e1ja j\u00f3l t\u00fckr\u00f6zi a gyorsan fejl\u0151d\u0151 telekommunik\u00e1ci\u00f3s ipar\u00e1ggal val\u00f3 egy\u00fctt halad\u00e1st, a technol\u00f3giai v\u00e1ltoz\u00e1sokhoz val\u00f3 alkalmazkod\u00e1s k\u00e9pess\u00e9g\u00e9t, valamint az \u00e1gazati trendek m\u00e9lyrehat\u00f3 ismeret\u00e9t.<\/p>\n\n\n\n<p>A c\u00e9g legjelent\u0151sebb megb\u00edz\u00f3i k\u00f6z\u00f6tt szerepel a Nemzeti M\u00e9dia- \u00e9s H\u00edrk\u00f6zl\u00e9si Hat\u00f3s\u00e1g (NMHH), az MVM NET Zrt., k\u00fcl\u00f6nb\u00f6z\u0151 korm\u00e1nyzati szervek, valamint telekommunik\u00e1ci\u00f3s v\u00e1llalatok. A munk\u00e1k jelent\u0151s r\u00e9sz\u00e9t m\u0171szaki tan\u00e1csad\u00e1s, strat\u00e9giai dokumentumok kidolgoz\u00e1sa, technol\u00f3giai elemz\u00e9sek, szab\u00e1lyoz\u00e1si javaslatok, m\u0171szaki ellen\u0151ri feladatok \u00e9s rendszertervez\u00e9si tev\u00e9kenys\u00e9gek teszik ki. Kor\u00e1bbi munk\u00e1ink k\u00f6z\u00fcl k\u00fcl\u00f6n\u00f6sen kiemelked\u0151ek a korm\u00e1nyzati h\u00e1l\u00f3zatfejleszt\u00e9si projektekhez kapcsol\u00f3d\u00f3 feladatok, az 5G technol\u00f3gia bevezet\u00e9s\u00e9vel kapcsolatos tanulm\u00e1nyok, valamint a digit\u00e1lis \u00e1t\u00e1ll\u00e1st t\u00e1mogat\u00f3 szak\u00e9rt\u0151i munk\u00e1k.<\/p>\n\n\n\n<p>Az ut\u00f3bbi \u00e9vek tev\u00e9kenys\u00e9g\u00e9ben kiemelt szerepet kaptak az \u00faj technol\u00f3giai trendekhez kapcsol\u00f3d\u00f3 feladatok: az 5G \u00e9s 6G h\u00e1l\u00f3zatok m\u0171szaki \u00e9s \u00fczleti szempont\u00fa elemz\u00e9se, a 3G technol\u00f3gia kivezet\u00e9s\u00e9nek t\u00e1mogat\u00e1sa, a 450 MHz-es mobil h\u00e1l\u00f3zatok hasznos\u00edt\u00e1s\u00e1nak strat\u00e9giai k\u00e9rd\u00e9sei, valamint a vezet\u00e9kes \u00e9s vezet\u00e9k n\u00e9lk\u00fcli h\u00e1l\u00f3zatok konvergenci\u00e1j\u00e1nak vizsg\u00e1lata.<\/p>\n\n\n\n<p>A c\u00e9g a megb\u00edz\u00f3i sz\u00e1m\u00e1ra a h\u00edrk\u00f6zl\u00e9si szab\u00e1lyoz\u00e1s \u00e9s fejleszt\u00e9s teljes spektrum\u00e1n ny\u00fajt szak\u00e9rt\u0151i t\u00e1mogat\u00e1st, a frekvenciagazd\u00e1lkod\u00e1st\u00f3l a h\u00e1l\u00f3zati infrastrukt\u00fara tervez\u00e9sen \u00e1t az \u00fczleti modellekig, bizony\u00edtva komplex probl\u00e9mamegold\u00f3 k\u00e9pess\u00e9g\u00e9t \u00e9s a t\u00e1vk\u00f6zl\u00e9si szektor \u00e1tfog\u00f3 ismeret\u00e9t.<\/p>\n\n\n\n<p><\/p>\n","protected":false},"excerpt":{"rendered":"<p>Az Entel Kft. szakmai munk\u00e1ja sz\u00e9les spektrumot \u00f6lel fel a t\u00e1vk\u00f6zl\u00e9si \u00e9s informatikai szektorra f\u00f3kusz\u00e1lva. A v\u00e1llalat t\u00f6bb mint k\u00e9t \u00e9vtizedes m\u00faltra visszatekint\u0151 referencialist\u00e1ja j\u00f3l t\u00fckr\u00f6zi a gyorsan fejl\u0151d\u0151 telekommunik\u00e1ci\u00f3s ipar\u00e1ggal val\u00f3 egy\u00fctt halad\u00e1st, a technol\u00f3giai v\u00e1ltoz\u00e1sokhoz val\u00f3 alkalmazkod\u00e1s k\u00e9pess\u00e9g\u00e9t, valamint az \u00e1gazati trendek m\u00e9lyrehat\u00f3&#8230;<\/p>\n","protected":false},"author":1,"featured_media":0,"parent":0,"menu_order":0,"comment_status":"closed","ping_status":"closed","template":"","meta":{"footnotes":""},"class_list":["post-582","page","type-page","status-publish","hentry"],"featured_image_urls_v2":{"full":"","thumbnail":"","medium":"","medium_large":"","large":"","1536x1536":"","2048x2048":"","portfolio-square":"","portfolio-portrait":"","portfolio-landscape":"","menu-featured-post":"","qode-carousel_slider":"","portfolio_slider":"","portfolio_masonry_regular":"","portfolio_masonry_wide":"","portfolio_masonry_tall":"","portfolio_masonry_large":"","portfolio_masonry_with_space":"","latest_post_boxes":"","qi_addons_for_elementor_image_size_square":"","qi_addons_for_elementor_image_size_landscape":"","qi_addons_for_elementor_image_size_portrait":"","qi_addons_for_elementor_image_size_huge-square":"","qi_blocks_image_size_square":"","qi_blocks_image_size_landscape":"","qi_blocks_image_size_portrait":"","qi_blocks_image_size_huge_square":""},"post_excerpt_stackable_v2":"<p>Az Entel Kft. szakmai munk\u00e1ja sz\u00e9les spektrumot \u00f6lel fel a t\u00e1vk\u00f6zl\u00e9si \u00e9s informatikai szektorra f\u00f3kusz\u00e1lva. A v\u00e1llalat t\u00f6bb mint k\u00e9t \u00e9vtizedes m\u00faltra visszatekint\u0151 referencialist\u00e1ja j\u00f3l t\u00fckr\u00f6zi a gyorsan fejl\u0151d\u0151 telekommunik\u00e1ci\u00f3s ipar\u00e1ggal val\u00f3 egy\u00fctt halad\u00e1st, a technol\u00f3giai v\u00e1ltoz\u00e1sokhoz val\u00f3 alkalmazkod\u00e1s k\u00e9pess\u00e9g\u00e9t, valamint az \u00e1gazati trendek m\u00e9lyrehat\u00f3 ismeret\u00e9t. A c\u00e9g legjelent\u0151sebb megb\u00edz\u00f3i k\u00f6z\u00f6tt szerepel a Nemzeti M\u00e9dia- \u00e9s H\u00edrk\u00f6zl\u00e9si Hat\u00f3s\u00e1g (NMHH), az MVM NET Zrt., k\u00fcl\u00f6nb\u00f6z\u0151 korm\u00e1nyzati szervek, valamint telekommunik\u00e1ci\u00f3s v\u00e1llalatok. A munk\u00e1k jelent\u0151s r\u00e9sz\u00e9t m\u0171szaki tan\u00e1csad\u00e1s, strat\u00e9giai dokumentumok kidolgoz\u00e1sa, technol\u00f3giai elemz\u00e9sek, szab\u00e1lyoz\u00e1si javaslatok, m\u0171szaki ellen\u0151ri feladatok \u00e9s rendszertervez\u00e9si tev\u00e9kenys\u00e9gek teszik ki. Kor\u00e1bbi munk\u00e1ink k\u00f6z\u00fcl k\u00fcl\u00f6n\u00f6sen kiemelked\u0151ek a korm\u00e1nyzati h\u00e1l\u00f3zatfejleszt\u00e9si projektekhez kapcsol\u00f3d\u00f3&hellip;<\/p>\n","category_list_v2":"","author_info_v2":{"name":"administrator","url":"https:\/\/entel.hu\/hu\/author\/administrator\/"},"comments_num_v2":"0 comments","_links":{"self":[{"href":"https:\/\/entel.hu\/hu\/wp-json\/wp\/v2\/pages\/582","targetHints":{"allow":["GET"]}}],"collection":[{"href":"https:\/\/entel.hu\/hu\/wp-json\/wp\/v2\/pages"}],"about":[{"href":"https:\/\/entel.hu\/hu\/wp-json\/wp\/v2\/types\/page"}],"author":[{"embeddable":true,"href":"https:\/\/entel.hu\/hu\/wp-json\/wp\/v2\/users\/1"}],"replies":[{"embeddable":true,"href":"https:\/\/entel.hu\/hu\/wp-json\/wp\/v2\/comments?post=582"}],"version-history":[{"count":3,"href":"https:\/\/entel.hu\/hu\/wp-json\/wp\/v2\/pages\/582\/revisions"}],"predecessor-version":[{"id":1016,"href":"https:\/\/entel.hu\/hu\/wp-json\/wp\/v2\/pages\/582\/revisions\/1016"}],"wp:attachment":[{"href":"https:\/\/entel.hu\/hu\/wp-json\/wp\/v2\/media?parent=582"}],"curies":[{"name":"wp","href":"https:\/\/api.w.org\/{rel}","templated":true}]}}