{"id":4,"date":"2011-11-30T09:23:12","date_gmt":"2011-11-30T09:23:12","guid":{"rendered":"http:\/\/localhost:81\/wordpress\/udvozoljuk-az-entel-honlapjan\/"},"modified":"2025-07-08T13:25:02","modified_gmt":"2025-07-08T13:25:02","slug":"udvozoljuk-az-entel-honlapjan","status":"publish","type":"page","link":"https:\/\/entel.hu\/hu\/","title":{"rendered":"ENTEL M\u0171szaki Fejleszt\u0151 Kft."},"content":{"rendered":"\t\t<div data-elementor-type=\"wp-page\" data-elementor-id=\"4\" class=\"elementor elementor-4\">\n\t\t\t\t<div class=\"elementor-element elementor-element-4e5029f1 e-flex e-con-boxed parallax_section_no qode_elementor_container_no e-con e-parent\" data-id=\"4e5029f1\" data-element_type=\"container\" data-e-type=\"container\">\n\t\t\t\t\t<div class=\"e-con-inner\">\n\t\t<div class=\"elementor-element elementor-element-071b2e4 e-grid e-con-full parallax_section_no qode_elementor_container_no e-con e-child\" data-id=\"071b2e4\" data-element_type=\"container\" data-e-type=\"container\">\n\t\t\t\t<div class=\"elementor-element elementor-element-7f8608c elementor-widget elementor-widget-image\" data-id=\"7f8608c\" data-element_type=\"widget\" data-e-type=\"widget\" data-widget_type=\"image.default\">\n\t\t\t\t<div class=\"elementor-widget-container\">\n\t\t\t\t\t\t\t\t\t\t\t\t\t\t\t\t<a href=\"https:\/\/entel.hu\/hu\/tavkozles\">\n\t\t\t\t\t\t\t<img fetchpriority=\"high\" decoding=\"async\" width=\"1024\" height=\"712\" src=\"https:\/\/entel.hu\/wp-content\/uploads\/2019\/02\/tavkozles-1-1024x712.jpg\" class=\"attachment-large size-large wp-image-564\" alt=\"\" srcset=\"https:\/\/entel.hu\/wp-content\/uploads\/2019\/02\/tavkozles-1-1024x712.jpg 1024w, https:\/\/entel.hu\/wp-content\/uploads\/2019\/02\/tavkozles-1-300x209.jpg 300w, https:\/\/entel.hu\/wp-content\/uploads\/2019\/02\/tavkozles-1-768x534.jpg 768w, https:\/\/entel.hu\/wp-content\/uploads\/2019\/02\/tavkozles-1.jpg 1600w\" sizes=\"(max-width: 1024px) 100vw, 1024px\" \/>\t\t\t\t\t\t\t\t<\/a>\n\t\t\t\t\t\t\t\t\t\t\t\t\t\t\t<\/div>\n\t\t\t\t<\/div>\n\t\t\t\t<div class=\"elementor-element elementor-element-15e5718 elementor-widget elementor-widget-image\" data-id=\"15e5718\" data-element_type=\"widget\" data-e-type=\"widget\" data-widget_type=\"image.default\">\n\t\t\t\t<div class=\"elementor-widget-container\">\n\t\t\t\t\t\t\t\t\t\t\t\t\t\t\t\t<a href=\"https:\/\/www.akusztika.hu\">\n\t\t\t\t\t\t\t<img decoding=\"async\" width=\"1024\" height=\"712\" src=\"https:\/\/entel.hu\/wp-content\/uploads\/2019\/02\/akusztika2-1024x712.jpg\" class=\"attachment-large size-large wp-image-511\" alt=\"\" srcset=\"https:\/\/entel.hu\/wp-content\/uploads\/2019\/02\/akusztika2-1024x712.jpg 1024w, https:\/\/entel.hu\/wp-content\/uploads\/2019\/02\/akusztika2-300x209.jpg 300w, https:\/\/entel.hu\/wp-content\/uploads\/2019\/02\/akusztika2-768x534.jpg 768w, https:\/\/entel.hu\/wp-content\/uploads\/2019\/02\/akusztika2.jpg 1600w\" sizes=\"(max-width: 1024px) 100vw, 1024px\" \/>\t\t\t\t\t\t\t\t<\/a>\n\t\t\t\t\t\t\t\t\t\t\t\t\t\t\t<\/div>\n\t\t\t\t<\/div>\n\t\t\t\t<div class=\"elementor-element elementor-element-716e74b elementor-widget elementor-widget-image\" data-id=\"716e74b\" data-element_type=\"widget\" data-e-type=\"widget\" data-widget_type=\"image.default\">\n\t\t\t\t<div class=\"elementor-widget-container\">\n\t\t\t\t\t\t\t\t\t\t\t\t\t\t\t\t<a href=\"https:\/\/www.inspiredacoustics.com\">\n\t\t\t\t\t\t\t<img decoding=\"async\" width=\"1024\" height=\"712\" src=\"https:\/\/entel.hu\/wp-content\/uploads\/2019\/02\/termekfejl-1024x712.jpg\" class=\"attachment-large size-large wp-image-513\" alt=\"\" srcset=\"https:\/\/entel.hu\/wp-content\/uploads\/2019\/02\/termekfejl-1024x712.jpg 1024w, https:\/\/entel.hu\/wp-content\/uploads\/2019\/02\/termekfejl-300x209.jpg 300w, https:\/\/entel.hu\/wp-content\/uploads\/2019\/02\/termekfejl-768x534.jpg 768w, https:\/\/entel.hu\/wp-content\/uploads\/2019\/02\/termekfejl.jpg 1600w\" sizes=\"(max-width: 1024px) 100vw, 1024px\" \/>\t\t\t\t\t\t\t\t<\/a>\n\t\t\t\t\t\t\t\t\t\t\t\t\t\t\t<\/div>\n\t\t\t\t<\/div>\n\t\t\t\t<\/div>\n\t\t<div class=\"elementor-element elementor-element-fe67a66 e-grid e-con-full parallax_section_no qode_elementor_container_no e-con e-child\" data-id=\"fe67a66\" data-element_type=\"container\" data-e-type=\"container\">\n\t\t\t\t<div class=\"elementor-element elementor-element-a724823 elementor-widget elementor-widget-text-editor\" data-id=\"a724823\" data-element_type=\"widget\" data-e-type=\"widget\" data-widget_type=\"text-editor.default\">\n\t\t\t\t<div class=\"elementor-widget-container\">\n\t\t\t\t\t\t\t\t\t<h5><a href=\"https:\/\/www.entel.hu\/hu\/tavkozles\">T\u00e1vk\u00f6zl\u00e9s<\/a><\/h5>\t\t\t\t\t\t\t\t<\/div>\n\t\t\t\t<\/div>\n\t\t\t\t<div class=\"elementor-element elementor-element-8d55374 elementor-widget elementor-widget-text-editor\" data-id=\"8d55374\" data-element_type=\"widget\" data-e-type=\"widget\" data-widget_type=\"text-editor.default\">\n\t\t\t\t<div class=\"elementor-widget-container\">\n\t\t\t\t\t\t\t\t\t<h5><a href=\"https:\/\/www.akusztika.hu\">Akusztika<\/a><\/h5>\t\t\t\t\t\t\t\t<\/div>\n\t\t\t\t<\/div>\n\t\t\t\t<div class=\"elementor-element elementor-element-4552d55 elementor-widget elementor-widget-text-editor\" data-id=\"4552d55\" data-element_type=\"widget\" data-e-type=\"widget\" data-widget_type=\"text-editor.default\">\n\t\t\t\t<div class=\"elementor-widget-container\">\n\t\t\t\t\t\t\t\t\t<h5><a href=\"https:\/\/www.inspiredacoustics.com\">K+F+I<\/a><\/h5>\t\t\t\t\t\t\t\t<\/div>\n\t\t\t\t<\/div>\n\t\t\t\t<\/div>\n\t\t\t\t<div class=\"elementor-element elementor-element-e378093 elementor-widget elementor-widget-text-editor\" data-id=\"e378093\" data-element_type=\"widget\" data-e-type=\"widget\" data-widget_type=\"text-editor.default\">\n\t\t\t\t<div class=\"elementor-widget-container\">\n\t\t\t\t\t\t\t\t\t\n<p>Az Entel M\u0171szaki Fejleszt\u0151 Kft. 1990-ben alap\u00edtott, magyar tulajdon\u00fa, m\u00e9lytechnol\u00f3giai (deep tech) f\u00f3kusz\u00fa m\u00e9rn\u00f6ki tan\u00e1csad\u00f3 \u00e9s fejleszt\u0151 v\u00e1llalat.<\/p>\n\n<p><strong>T\u00e1vk\u00f6zl\u00e9si \u00fczlet\u00e1gunk<\/strong> sok\u00e9ves m\u0171k\u00f6d\u00e9se sor\u00e1n a hazai h\u00edrk\u00f6zl\u00e9si piac szinte valamennyi szerepl\u0151j\u00e9t \u00fcgyfeleink k\u00f6z\u00f6tt tudhattuk. Az elm\u00falt \u00e9vek sor\u00e1n el\u00e9rt kutat\u00e1si eredm\u00e9nyeinkre \u00e9s technol\u00f3giai tapasztalatainkra alapozva innovat\u00edv szolg\u00e1ltat\u00e1si portf\u00f3li\u00f3val rendelkez\u00fcnk a h\u00edrk\u00f6zl\u00e9si infrastrukt\u00fara-fejleszt\u00e9s, a m\u0171szaki min\u0151s\u00e9gbiztos\u00edt\u00e1s, valamint a g\u00e9pi tanul\u00e1st alkalmaz\u00f3 tervez\u0151i, szak\u00e9rt\u0151i \u00e9s m\u0171szaki ellen\u0151ri szolg\u00e1ltat\u00e1sok ter\u00fclet\u00e9n.<\/p>\n\n<p><strong>Akusztikai \u00fczlet\u00e1gunkban<\/strong> neur\u00e1lis h\u00e1l\u00f3zatokra \u00e9p\u00fcl\u0151 tervez\u0151i, szak\u00e9rt\u0151i \u00e9s fejleszt\u0151i m\u00e9rn\u00f6ki megold\u00e1sokat, valamint \u00e9p\u00edt\u00e9szeti akusztikai szolg\u00e1ltat\u00e1sokat ny\u00fajtunk nemzetk\u00f6zi \u00e9s hazai \u00fcgyfeleknek.<\/p>\n\n<p><strong>Kutat\u00e1s-fejleszt\u00e9si \u00e9s innov\u00e1ci\u00f3s \u00fczlet\u00e1gunk<\/strong> \u00e9lvonalbeli AI-alap\u00fa fejleszt\u00e9si eredm\u00e9nyei \u00e9s deeptech megold\u00e1sai r\u00e9v\u00e9n t\u00f6bb mint 60 orsz\u00e1gba export\u00e1ljuk magas hozz\u00e1adott \u00e9rt\u00e9k\u0171 term\u00e9keinket \u00e9s technol\u00f3giai megold\u00e1sainkat.<\/p>\n\n<p>\u00a0<\/p>\n\t\t\t\t\t\t\t\t<\/div>\n\t\t\t\t<\/div>\n\t\t\t\t\t<\/div>\n\t\t\t\t<\/div>\n\t\t\t\t<\/div>\n\t\t","protected":false},"excerpt":{"rendered":"<p>Az Entel M\u0171szaki Fejleszt\u0151 Kft. 1990-ben alakult, els\u0151sorban t\u00e1vk\u00f6zl\u00e9si feladatok ell\u00e1t\u00e1s\u00e1ra. Sok\u00e9ves m\u0171k\u00f6d\u00e9s\u00fcnk sor\u00e1n a hazai h\u00edrk\u00f6zl\u00e9si piac valamennyi szerepl\u0151j\u00e9t \u00fcgyfeleink k\u00f6z\u00f6tt tudhattuk.<br \/>\nMegb\u00edz\u00f3inkn\u00e1l \u00e9s alv\u00e1llalkoz\u00f3inkn\u00e1l is t\u00f6reksz\u00fcnk a hossz\u00fa t\u00e1v\u00fa, megb\u00edzhat\u00f3, kiegyens\u00falyozott, stabil \u00e9s kisz\u00e1m\u00edthat\u00f3 partneri kapcsolatokra.<br \/>\n<span>Az elm\u00falt \u00e9vek sor\u00e1n el\u00e9rt eredm\u00e9nyeinkre \u00e9s tapasztalatainkra alapozva a t\u00e1vbesz\u00e9l\u0151 technika, a mobil t\u00e1vk\u00f6zl\u00e9s, az informatika \u00e9s a <\/span>professzion\u00e1lis audio-szolg\u00e1ltat\u00e1sok<span> t\u00e9mak\u00f6r\u00e9ben felmer\u00fcl\u0151 aktu\u00e1lis feladatokra k\u00edn\u00e1lunk megold\u00e1sokat.<\/span><br \/>\n&nbsp;<\/p>\n<p><span>\u00dczlet\u00e1gaink \u00e9s m\u00e1rk\u00e1ink:<\/span><\/p>\n<ul>\n<li><a href=\"http:\/\/entel.hu\/tavkozles\">T\u00e1vk\u00f6zl\u00e9s<\/a><\/li>\n<li><a href=\"http:\/\/acoustics.entel.hu\/rolunk\/\">M\u00e9diainformatika \u00e9s akusztika<\/a><\/li>\n<li><a href=\"http:\/\/www.inspiredacoustics.com\">Term\u00e9kfejleszt\u00e9s<\/a><\/li>\n<\/ul>\n","protected":false},"author":1,"featured_media":0,"parent":0,"menu_order":0,"comment_status":"closed","ping_status":"closed","template":"","meta":{"footnotes":""},"class_list":["post-4","page","type-page","status-publish","hentry"],"featured_image_urls_v2":{"full":"","thumbnail":"","medium":"","medium_large":"","large":"","1536x1536":"","2048x2048":"","portfolio-square":"","portfolio-portrait":"","portfolio-landscape":"","menu-featured-post":"","qode-carousel_slider":"","portfolio_slider":"","portfolio_masonry_regular":"","portfolio_masonry_wide":"","portfolio_masonry_tall":"","portfolio_masonry_large":"","portfolio_masonry_with_space":"","latest_post_boxes":"","qi_addons_for_elementor_image_size_square":"","qi_addons_for_elementor_image_size_landscape":"","qi_addons_for_elementor_image_size_portrait":"","qi_addons_for_elementor_image_size_huge-square":"","qi_blocks_image_size_square":"","qi_blocks_image_size_landscape":"","qi_blocks_image_size_portrait":"","qi_blocks_image_size_huge_square":""},"post_excerpt_stackable_v2":"<p>Az Entel M\u0171szaki Fejleszt\u0151 Kft. 1990-ben alakult, els\u0151sorban t\u00e1vk\u00f6zl\u00e9si feladatok ell\u00e1t\u00e1s\u00e1ra. Sok\u00e9ves m\u0171k\u00f6d\u00e9s\u00fcnk sor\u00e1n a hazai h\u00edrk\u00f6zl\u00e9si piac valamennyi szerepl\u0151j\u00e9t \u00fcgyfeleink k\u00f6z\u00f6tt tudhattuk.<br \/>\nMegb\u00edz\u00f3inkn\u00e1l \u00e9s alv\u00e1llalkoz\u00f3inkn\u00e1l is t\u00f6reksz\u00fcnk a hossz\u00fa t\u00e1v\u00fa, megb\u00edzhat\u00f3, kiegyens\u00falyozott, stabil \u00e9s kisz\u00e1m\u00edthat\u00f3 partneri kapcsolatokra.<br \/>\n<span>Az elm\u00falt \u00e9vek sor\u00e1n el\u00e9rt eredm\u00e9nyeinkre \u00e9s tapasztalatainkra alapozva a t\u00e1vbesz\u00e9l\u0151 technika, a mobil t\u00e1vk\u00f6zl\u00e9s, az informatika \u00e9s a <\/span>professzion\u00e1lis audio-szolg\u00e1ltat\u00e1sok<span> t\u00e9mak\u00f6r\u00e9ben felmer\u00fcl\u0151 aktu\u00e1lis feladatokra k\u00edn\u00e1lunk megold\u00e1sokat.<\/span><br \/>\n&nbsp;<\/p>\n<p><span>\u00dczlet\u00e1gaink \u00e9s m\u00e1rk\u00e1ink:<\/span><\/p>\n<ul>\n<li><a href=\"http:\/\/entel.hu\/tavkozles\">T\u00e1vk\u00f6zl\u00e9s<\/a><\/li>\n<li><a href=\"http:\/\/acoustics.entel.hu\/rolunk\/\">M\u00e9diainformatika \u00e9s akusztika<\/a><\/li>\n<li><a href=\"http:\/\/www.inspiredacoustics.com\">Term\u00e9kfejleszt\u00e9s<\/a><\/li>\n<\/ul>\n","category_list_v2":"","author_info_v2":{"name":"administrator","url":"https:\/\/entel.hu\/hu\/author\/administrator\/"},"comments_num_v2":"0 comments","_links":{"self":[{"href":"https:\/\/entel.hu\/hu\/wp-json\/wp\/v2\/pages\/4","targetHints":{"allow":["GET"]}}],"collection":[{"href":"https:\/\/entel.hu\/hu\/wp-json\/wp\/v2\/pages"}],"about":[{"href":"https:\/\/entel.hu\/hu\/wp-json\/wp\/v2\/types\/page"}],"author":[{"embeddable":true,"href":"https:\/\/entel.hu\/hu\/wp-json\/wp\/v2\/users\/1"}],"replies":[{"embeddable":true,"href":"https:\/\/entel.hu\/hu\/wp-json\/wp\/v2\/comments?post=4"}],"version-history":[{"count":25,"href":"https:\/\/entel.hu\/hu\/wp-json\/wp\/v2\/pages\/4\/revisions"}],"predecessor-version":[{"id":1078,"href":"https:\/\/entel.hu\/hu\/wp-json\/wp\/v2\/pages\/4\/revisions\/1078"}],"wp:attachment":[{"href":"https:\/\/entel.hu\/hu\/wp-json\/wp\/v2\/media?parent=4"}],"curies":[{"name":"wp","href":"https:\/\/api.w.org\/{rel}","templated":true}]}}