{"id":36,"date":"2013-02-12T17:06:01","date_gmt":"2013-02-12T17:06:01","guid":{"rendered":"http:\/\/localhost:81\/wordpress\/megbizoink\/"},"modified":"2025-04-16T13:54:27","modified_gmt":"2025-04-16T13:54:27","slug":"megbizoink","status":"publish","type":"page","link":"https:\/\/entel.hu\/hu\/megbizoink\/","title":{"rendered":"Megb\u00edz\u00f3ink"},"content":{"rendered":"\n<p>Az Entel Kft. megb\u00edz\u00f3i portf\u00f3li\u00f3ja rendk\u00edv\u00fcl soksz\u00edn\u0171, a hazai \u00e9s nemzetk\u00f6zi t\u00e1vk\u00f6zl\u00e9si \u00e9s informatikai piac sz\u00e9les spektrum\u00e1t lefedi. Partnereink k\u00f6z\u00f6tt egyar\u00e1nt megtal\u00e1lhat\u00f3k a magyarorsz\u00e1gi telekommunik\u00e1ci\u00f3s szolg\u00e1ltat\u00f3k \u2013 mobil \u00e9s vezet\u00e9kes h\u00e1l\u00f3zati szerepl\u0151k, k\u00e1beltelev\u00edzi\u00f3s t\u00e1rsas\u00e1gok \u00e9s alternat\u00edv szolg\u00e1ltat\u00f3k \u2013, valamint a t\u00e1vk\u00f6zl\u00e9si infrastrukt\u00fara gy\u00e1rt\u00f3i \u00e9s forgalmaz\u00f3i.<\/p>\n\n\n\n<p>Jelent\u0151s megb\u00edz\u00e1sokat teljes\u00edtett\u00fcnk \u00e1llami szervek, szab\u00e1lyoz\u00f3 hat\u00f3s\u00e1gok \u00e9s miniszt\u00e9riumok r\u00e9sz\u00e9re, szak\u00e9rt\u0151i tan\u00e1csad\u00e1ssal t\u00e1mogatva a t\u00e1vk\u00f6zl\u00e9si \u00e9s informatikai \u00e1gazat szab\u00e1lyoz\u00e1si \u00e9s fejleszt\u00e9si tev\u00e9kenys\u00e9g\u00e9t. A p\u00e9nz\u00fcgyi szektor meghat\u00e1roz\u00f3 szerepl\u0151i, bankok \u00e9s biztos\u00edt\u00f3k is ig\u00e9nybe vett\u00e9k m\u00e1r szolg\u00e1ltat\u00e1sainkat telekommunik\u00e1ci\u00f3s rendszereik fejleszt\u00e9s\u00e9hez, \u00fczemeltet\u00e9s\u00e9hez.<\/p>\n\n\n\n<p>Referencialist\u00e1nk fontos r\u00e9sz\u00e9t k\u00e9pezik a k\u00f6zszolg\u00e1ltat\u00e1si szektor v\u00e1llalatai, k\u00f6zleked\u00e9si t\u00e1rsas\u00e1gok, energiaszolg\u00e1ltat\u00f3k \u00e9s k\u00f6zm\u0171c\u00e9gek. A nemzetk\u00f6zi egy\u00fcttm\u0171k\u00f6d\u00e9seinket jelzi, hogy \u00e9szak-eur\u00f3pai \u00e9s amerikai partnerekkel is sikeres projekteket val\u00f3s\u00edtottunk meg. B\u00fcszk\u00e9k vagyunk arra, hogy \u00fcgyfeleink k\u00f6z\u00f6tt egyar\u00e1nt megtal\u00e1lhat\u00f3k a legnagyobb hazai v\u00e1llalatok \u00e9s a region\u00e1lis szolg\u00e1ltat\u00f3k is.<\/p>\n\n\n\n<ul class=\"wp-block-list\">\n<li>Alba Internet<\/li>\n\n\n\n<li>\u00c1llami Biztos\u00edt\u00f3 (\u00c1B AEGON)<\/li>\n\n\n\n<li>Atlas Telecom Kft.<\/li>\n\n\n\n<li>Auriga Corporation (USA)<\/li>\n\n\n\n<li>Avitec AB (Sv\u00e9dorsz\u00e1g)<\/li>\n\n\n\n<li>B\u00f6rzs\u00f6ny-Com Rt.<\/li>\n\n\n\n<li>CECOM Kft.<\/li>\n\n\n\n<li>CIB Bank<\/li>\n\n\n\n<li>Citi Net Rt.<\/li>\n\n\n\n<li>Comconsult Bt.<\/li>\n\n\n\n<li>Control Rt.<\/li>\n\n\n\n<li>Dunatel Kft.<\/li>\n\n\n\n<li>Elassys Kft.<\/li>\n\n\n\n<li>Els\u0151 Pesti Telefont\u00e1rsas\u00e1g Nyrt.<\/li>\n\n\n\n<li>Emitel Rt. (ma Magyar Telekom Nyrt.)<\/li>\n\n\n\n<li>Ericsson Kft.<\/li>\n\n\n\n<li>Fornax Zrt.<\/li>\n\n\n\n<li>F\u0151v\u00e1rosi V\u00edzm\u0171vek Zrt.<\/li>\n\n\n\n<li>H\u00edrk\u00f6zl\u0151 h\u00e1l\u00f3zat \u00fczemeltet\u0151k<\/li>\n\n\n\n<li>Hungarian Telephone and Cable Corporation<\/li>\n\n\n\n<li>IID Budapest<\/li>\n\n\n\n<li>Informatikai \u00e9s H\u00edrk\u00f6zl\u00e9si Miniszt\u00e9rium<\/li>\n\n\n\n<li>Invitel Zrt. (\u00e9s kor\u00e1bbi le\u00e1nyv\u00e1llalatai)<\/li>\n\n\n\n<li>J\u00e1sztel Rt.<\/li>\n\n\n\n<li>Kelet-N\u00f3gr\u00e1d-Com Rt.<\/li>\n\n\n\n<li>KFKI Zrt.<\/li>\n\n\n\n<li>K\u00f6zleked\u00e9si H\u00edrk\u00f6zl\u00e9si \u00e9s V\u00edz\u00fcgyi Miniszt\u00e9rium<\/li>\n\n\n\n<li>KPMG Kft.<\/li>\n\n\n\n<li>KTV szolg\u00e1ltat\u00f3k<\/li>\n\n\n\n<li>LNX Kft.<\/li>\n\n\n\n<li>Magyar \u00c1llamvasutak Zrt.<\/li>\n\n\n\n<li>Magyar Posta Zrt.<\/li>\n\n\n\n<li>Mal\u00e9v Zrt.<\/li>\n\n\n\n<li>Magyar Telekom Nyrt.<\/li>\n\n\n\n<li>M\u00e1vti Kft.<\/li>\n\n\n\n<li>Microsystem Rt.<\/li>\n\n\n\n<li>MKB Zrt.<\/li>\n\n\n\n<li>MT-Datanet Kft.<\/li>\n\n\n\n<li>MVM Zrt.<\/li>\n\n\n\n<li>MVM NET Zrt.<\/li>\n\n\n\n<li>MVM OVIT Zrt.<\/li>\n\n\n\n<li>Nemzeti M\u00e9dia- \u00e9s H\u00edrk\u00f6zl\u00e9si Hat\u00f3s\u00e1g \u00e9s jogel\u0151dei<\/li>\n\n\n\n<li>Nokia Cables (Finnorsz\u00e1g)<\/li>\n\n\n\n<li>Nokia Telecommunications Kft.<\/li>\n\n\n\n<li>Ny\u00edrtelecom Kft.<\/li>\n\n\n\n<li>Paksi Atomer\u0151m\u0171 Zrt.<\/li>\n\n\n\n<li>Pannon GSM T\u00e1vk\u00f6zl\u00e9si Zrt.<\/li>\n\n\n\n<li>PanTel Rt.<\/li>\n\n\n\n<li>P\u00e9nz\u00fcgyi \u00e9s Vagyon\u00e9rt\u00e9kel\u0151 Kft.<\/li>\n\n\n\n<li>PKI IT<\/li>\n\n\n\n<li>Siba Bt.<\/li>\n\n\n\n<li>Siemens<\/li>\n\n\n\n<li>Sitel Kft.<\/li>\n\n\n\n<li>TC-Telecom Kft.<\/li>\n\n\n\n<li>Tele Trade 2000 Kft.<\/li>\n\n\n\n<li>Telecom Finland, Telecon Oy.<\/li>\n\n\n\n<li>Transelektro Kereskedelmi Zrt.<\/li>\n\n\n\n<li>UPC Magyarorsz\u00e1g Kft.<\/li>\n\n\n\n<li>UST-2 Kft.<\/li>\n\n\n\n<li>Varihold Kft.<\/li>\n\n\n\n<li>Vodafone Magyarorsz\u00e1g Zrt.<\/li>\n\n\n\n<li>Westel Mobil Rt. (ma Magyar Telekom Nyrt.)<\/li>\n\n\n\n<li>Zalaegerszeg, Megyei K\u00f3rh\u00e1z<\/li>\n<\/ul>\n","protected":false},"excerpt":{"rendered":"<p>Az Entel Kft. megb\u00edz\u00f3i portf\u00f3li\u00f3ja rendk\u00edv\u00fcl soksz\u00edn\u0171, a hazai \u00e9s nemzetk\u00f6zi t\u00e1vk\u00f6zl\u00e9si \u00e9s informatikai piac sz\u00e9les spektrum\u00e1t lefedi. Partnereink k\u00f6z\u00f6tt egyar\u00e1nt megtal\u00e1lhat\u00f3k a magyarorsz\u00e1gi telekommunik\u00e1ci\u00f3s szolg\u00e1ltat\u00f3k \u2013 mobil \u00e9s vezet\u00e9kes h\u00e1l\u00f3zati szerepl\u0151k, k\u00e1beltelev\u00edzi\u00f3s t\u00e1rsas\u00e1gok \u00e9s alternat\u00edv szolg\u00e1ltat\u00f3k \u2013, valamint a t\u00e1vk\u00f6zl\u00e9si infrastrukt\u00fara gy\u00e1rt\u00f3i \u00e9s forgalmaz\u00f3i&#8230;.<\/p>\n","protected":false},"author":1,"featured_media":0,"parent":0,"menu_order":0,"comment_status":"closed","ping_status":"closed","template":"","meta":{"footnotes":""},"class_list":["post-36","page","type-page","status-publish","hentry"],"featured_image_urls_v2":{"full":"","thumbnail":"","medium":"","medium_large":"","large":"","1536x1536":"","2048x2048":"","portfolio-square":"","portfolio-portrait":"","portfolio-landscape":"","menu-featured-post":"","qode-carousel_slider":"","portfolio_slider":"","portfolio_masonry_regular":"","portfolio_masonry_wide":"","portfolio_masonry_tall":"","portfolio_masonry_large":"","portfolio_masonry_with_space":"","latest_post_boxes":"","qi_addons_for_elementor_image_size_square":"","qi_addons_for_elementor_image_size_landscape":"","qi_addons_for_elementor_image_size_portrait":"","qi_addons_for_elementor_image_size_huge-square":"","qi_blocks_image_size_square":"","qi_blocks_image_size_landscape":"","qi_blocks_image_size_portrait":"","qi_blocks_image_size_huge_square":""},"post_excerpt_stackable_v2":"<p>Az Entel Kft. megb\u00edz\u00f3i portf\u00f3li\u00f3ja rendk\u00edv\u00fcl soksz\u00edn\u0171, a hazai \u00e9s nemzetk\u00f6zi t\u00e1vk\u00f6zl\u00e9si \u00e9s informatikai piac sz\u00e9les spektrum\u00e1t lefedi. Partnereink k\u00f6z\u00f6tt egyar\u00e1nt megtal\u00e1lhat\u00f3k a magyarorsz\u00e1gi telekommunik\u00e1ci\u00f3s szolg\u00e1ltat\u00f3k \u2013 mobil \u00e9s vezet\u00e9kes h\u00e1l\u00f3zati szerepl\u0151k, k\u00e1beltelev\u00edzi\u00f3s t\u00e1rsas\u00e1gok \u00e9s alternat\u00edv szolg\u00e1ltat\u00f3k \u2013, valamint a t\u00e1vk\u00f6zl\u00e9si infrastrukt\u00fara gy\u00e1rt\u00f3i \u00e9s forgalmaz\u00f3i. Jelent\u0151s megb\u00edz\u00e1sokat teljes\u00edtett\u00fcnk \u00e1llami szervek, szab\u00e1lyoz\u00f3 hat\u00f3s\u00e1gok \u00e9s miniszt\u00e9riumok r\u00e9sz\u00e9re, szak\u00e9rt\u0151i tan\u00e1csad\u00e1ssal t\u00e1mogatva a t\u00e1vk\u00f6zl\u00e9si \u00e9s informatikai \u00e1gazat szab\u00e1lyoz\u00e1si \u00e9s fejleszt\u00e9si tev\u00e9kenys\u00e9g\u00e9t. A p\u00e9nz\u00fcgyi szektor meghat\u00e1roz\u00f3 szerepl\u0151i, bankok \u00e9s biztos\u00edt\u00f3k is ig\u00e9nybe vett\u00e9k m\u00e1r szolg\u00e1ltat\u00e1sainkat telekommunik\u00e1ci\u00f3s rendszereik fejleszt\u00e9s\u00e9hez, \u00fczemeltet\u00e9s\u00e9hez. Referencialist\u00e1nk fontos r\u00e9sz\u00e9t k\u00e9pezik a k\u00f6zszolg\u00e1ltat\u00e1si szektor v\u00e1llalatai, k\u00f6zleked\u00e9si t\u00e1rsas\u00e1gok, energiaszolg\u00e1ltat\u00f3k \u00e9s k\u00f6zm\u0171c\u00e9gek. A nemzetk\u00f6zi egy\u00fcttm\u0171k\u00f6d\u00e9seinket&hellip;<\/p>\n","category_list_v2":"","author_info_v2":{"name":"administrator","url":"https:\/\/entel.hu\/hu\/author\/administrator\/"},"comments_num_v2":"0 comments","_links":{"self":[{"href":"https:\/\/entel.hu\/hu\/wp-json\/wp\/v2\/pages\/36","targetHints":{"allow":["GET"]}}],"collection":[{"href":"https:\/\/entel.hu\/hu\/wp-json\/wp\/v2\/pages"}],"about":[{"href":"https:\/\/entel.hu\/hu\/wp-json\/wp\/v2\/types\/page"}],"author":[{"embeddable":true,"href":"https:\/\/entel.hu\/hu\/wp-json\/wp\/v2\/users\/1"}],"replies":[{"embeddable":true,"href":"https:\/\/entel.hu\/hu\/wp-json\/wp\/v2\/comments?post=36"}],"version-history":[{"count":4,"href":"https:\/\/entel.hu\/hu\/wp-json\/wp\/v2\/pages\/36\/revisions"}],"predecessor-version":[{"id":1046,"href":"https:\/\/entel.hu\/hu\/wp-json\/wp\/v2\/pages\/36\/revisions\/1046"}],"wp:attachment":[{"href":"https:\/\/entel.hu\/hu\/wp-json\/wp\/v2\/media?parent=36"}],"curies":[{"name":"wp","href":"https:\/\/api.w.org\/{rel}","templated":true}]}}