{"id":3,"date":"2011-11-30T09:13:50","date_gmt":"2011-11-30T09:13:50","guid":{"rendered":"http:\/\/localhost:81\/wordpress\/elerhetosegeink\/"},"modified":"2025-04-16T13:45:46","modified_gmt":"2025-04-16T13:45:46","slug":"elerhetosegeink","status":"publish","type":"page","link":"https:\/\/entel.hu\/hu\/elerhetosegeink\/","title":{"rendered":"El\u00e9rhet\u0151s\u00e9geink"},"content":{"rendered":"\n<p>Az al\u00e1bbi el\u00e9rhet\u0151s\u00e9geken v\u00e1rjuk megkeres\u00e9s\u00e9t.<\/p>\n\n\n\n<p><b>Iroda:<\/b> 1025 Budapest, Sz\u00e9pv\u00f6lgyi \u00fat 32.<\/p>\n\n\n\n<p><b>Telefon<\/b>: +36 1 336 0400<\/p>\n\n\n\n<p><b>E-mail c\u00edm:<\/b> <a href=\"mailto:entel@entel.hu\">entel@entel.hu<\/a><\/p>\n\n\n\n<p><\/p>\n\n\n<div id=\"wpgmza_map\" class=\"wpgmza_map\" data-settings='{\"id\":\"1\",\"map_title\":\"Entel\",\"map_width\":\"100\",\"map_height\":\"400\",\"map_start_lat\":\"47.527004\",\"map_start_lng\":\"19.036006\",\"map_start_location\":\"47.52700437428544,19.036006470886274\",\"map_start_zoom\":\"15\",\"default_marker\":\"0\",\"type\":\"1\",\"alignment\":\"1\",\"directions_enabled\":\"1\",\"styling_enabled\":\"0\",\"styling_json\":\"\",\"active\":\"0\",\"kml\":\"\",\"bicycle\":\"0\",\"traffic\":\"0\",\"dbox\":\"1\",\"dbox_width\":\"100\",\"listmarkers\":\"0\",\"listmarkers_advanced\":\"0\",\"filterbycat\":\"0\",\"ugm_enabled\":\"0\",\"ugm_category_enabled\":\"0\",\"fusion\":\"\",\"map_width_type\":\"\\\\%\",\"map_height_type\":\"px\",\"mass_marker_support\":\"1\",\"ugm_access\":\"0\",\"order_markers_by\":\"1\",\"order_markers_choice\":\"2\",\"show_user_location\":\"0\",\"default_to\":\"\",\"other_settings\":{\"store_locator_enabled\":2,\"store_locator_distance\":2,\"store_locator_bounce\":1,\"store_locator_query_string\":\"ZIP \\\/ Address:\",\"wpgmza_store_locator_restrict\":\"\",\"map_max_zoom\":\"1\",\"transport_layer\":0,\"wpgmza_theme_data\":\"\"}}' data-map-id='1' Data-maps-engine='' data-shortcode-attributes='{\"id\":\"1\"}' style=\"display:block; overflow:auto; width:100%; height:400px; float:left;\"><\/div>\n","protected":false},"excerpt":{"rendered":"<p>Az al\u00e1bbi el\u00e9rhet\u0151s\u00e9geken v\u00e1rjuk megkeres\u00e9s\u00e9t. Iroda: 1025 Budapest, Sz\u00e9pv\u00f6lgyi \u00fat 32. Telefon: +36 1 336 0400 E-mail c\u00edm: entel@entel.hu<\/p>\n","protected":false},"author":1,"featured_media":0,"parent":0,"menu_order":0,"comment_status":"closed","ping_status":"closed","template":"","meta":{"footnotes":""},"class_list":["post-3","page","type-page","status-publish","hentry"],"featured_image_urls_v2":{"full":"","thumbnail":"","medium":"","medium_large":"","large":"","1536x1536":"","2048x2048":"","portfolio-square":"","portfolio-portrait":"","portfolio-landscape":"","menu-featured-post":"","qode-carousel_slider":"","portfolio_slider":"","portfolio_masonry_regular":"","portfolio_masonry_wide":"","portfolio_masonry_tall":"","portfolio_masonry_large":"","portfolio_masonry_with_space":"","latest_post_boxes":"","qi_addons_for_elementor_image_size_square":"","qi_addons_for_elementor_image_size_landscape":"","qi_addons_for_elementor_image_size_portrait":"","qi_addons_for_elementor_image_size_huge-square":"","qi_blocks_image_size_square":"","qi_blocks_image_size_landscape":"","qi_blocks_image_size_portrait":"","qi_blocks_image_size_huge_square":""},"post_excerpt_stackable_v2":"<p>Az al\u00e1bbi el\u00e9rhet\u0151s\u00e9geken v\u00e1rjuk megkeres\u00e9s\u00e9t. Iroda: 1025 Budapest, Sz\u00e9pv\u00f6lgyi \u00fat 32. Telefon: +36 1 336 0400 E-mail c\u00edm: entel@entel.hu<\/p>\n","category_list_v2":"","author_info_v2":{"name":"administrator","url":"https:\/\/entel.hu\/hu\/author\/administrator\/"},"comments_num_v2":"0 comments","_links":{"self":[{"href":"https:\/\/entel.hu\/hu\/wp-json\/wp\/v2\/pages\/3","targetHints":{"allow":["GET"]}}],"collection":[{"href":"https:\/\/entel.hu\/hu\/wp-json\/wp\/v2\/pages"}],"about":[{"href":"https:\/\/entel.hu\/hu\/wp-json\/wp\/v2\/types\/page"}],"author":[{"embeddable":true,"href":"https:\/\/entel.hu\/hu\/wp-json\/wp\/v2\/users\/1"}],"replies":[{"embeddable":true,"href":"https:\/\/entel.hu\/hu\/wp-json\/wp\/v2\/comments?post=3"}],"version-history":[{"count":9,"href":"https:\/\/entel.hu\/hu\/wp-json\/wp\/v2\/pages\/3\/revisions"}],"predecessor-version":[{"id":1043,"href":"https:\/\/entel.hu\/hu\/wp-json\/wp\/v2\/pages\/3\/revisions\/1043"}],"wp:attachment":[{"href":"https:\/\/entel.hu\/hu\/wp-json\/wp\/v2\/media?parent=3"}],"curies":[{"name":"wp","href":"https:\/\/api.w.org\/{rel}","templated":true}]}}