{"id":28,"date":"2013-02-11T18:02:59","date_gmt":"2013-02-11T18:02:59","guid":{"rendered":"http:\/\/localhost:81\/wordpress\/clients\/"},"modified":"2019-03-01T16:47:07","modified_gmt":"2019-03-01T16:47:07","slug":"clients","status":"publish","type":"page","link":"https:\/\/entel.hu\/en\/clients\/","title":{"rendered":"Clients"},"content":{"rendered":"<table border=\"0\" width=\"100%\">\n<tbody>\n<tr>\n<td width=\"50%\">\n<ul>\n<li>Alba Internet<\/li>\n<li>\u00c1llami Biztos\u00edt\u00f3 (today \u00c1B AEGON)<\/li>\n<li>Atlas Telecom Kft.<\/li>\n<li>Auriga Corporation (USA)<\/li>\n<li>Avitec AB (Sweden)<\/li>\n<li>B\u00f6rzs\u00f6ny-Com Rt.<\/li>\n<li>CECOM Kft.<\/li>\n<li>CIB Bank<\/li>\n<li>Citi Net Rt.<\/li>\n<li>Comconsult Bt.<\/li>\n<li>Control Rt.<\/li>\n<li>Dunatel Kft.<\/li>\n<li>Elassys Kft.<\/li>\n<li>Els\u0151 Pesti Telefont\u00e1rsas\u00e1g Nyrt.<\/li>\n<li>Emitel Rt. (today Magyar Telekom Nyrt.)<\/li>\n<li>Ericsson Kft.<\/li>\n<li>Fornax Zrt.<\/li>\n<li>F\u0151v\u00e1rosi V\u00edzm\u0171vek Zrt.<\/li>\n<li>Electronic communication network providers<\/li>\n<li>Hungarian Telephone and Cable Corporation (today Invitel Zrt.)<\/li>\n<li>IID Budapest<\/li>\n<li>Ministry of IT and Communication, Hungary<\/li>\n<li>Invitel Zrt. (and its former subsidiaries)<\/li>\n<li>J\u00e1sztel Rt.<\/li>\n<li>Kelet-N\u00f3gr\u00e1d-Com Rt.<\/li>\n<li>KFKI Zrt.<\/li>\n<li>Ministry of Transport, Communication and Water Management<\/li>\n<li>KPMG Kft.<\/li>\n<li>CATV service providers<\/li>\n<li>Subdivision operators<\/li>\n<li>LNX Kft.<\/li>\n<li>Magyar \u00c1llamvasutak Zrt.<\/li>\n<li>Magyar Posta Zrt.<\/li>\n<\/ul>\n<\/td>\n<td width=\"50%\">\n<ul>\n<li>Mal\u00e9v Zrt.<\/li>\n<li>Magyar Telekom Nyrt. (formerly Mat\u00e1v Rt.)<\/li>\n<li>M\u00e1vti Kft.<\/li>\n<li>Microsystem Rt.<\/li>\n<li>MKB Zrt.<\/li>\n<li>MT-Datanet Kft.<\/li>\n<li>MVM Zrt.<\/li>\n<li>MVM NET Zrt.<\/li>\n<li>MVM OVIT Zrt.<\/li>\n<li>National Media and Communications Authority (and its predecessors)<\/li>\n<li>Nokia Cables (Finland)<\/li>\n<li>Nokia Telecommunications Kft.<\/li>\n<li>Ny\u00edrtelecom Kft.<\/li>\n<li>OVIT Zrt.<\/li>\n<li>Paksi Atomer\u0151m\u0171 Zrt.<\/li>\n<li>Pannon GSM T\u00e1vk\u00f6zl\u00e9si Zrt.<\/li>\n<li>PanTel Rt. (today Invitel Zrt.)<\/li>\n<li>P\u00e9nz\u00fcgyi \u00e9s Vagyon\u00e9rt\u00e9kel\u0151 Kft.<\/li>\n<li>PKI IT<\/li>\n<li>Siba Bt.<\/li>\n<li>Siemens<\/li>\n<li>Sitel Kft.<\/li>\n<li>Communication service providers<\/li>\n<li>TC-Telecom Kft.<\/li>\n<li>Tele Trade 2000 Kft.<\/li>\n<li>Telecom Finland, Telecon Oy.<\/li>\n<li>Transelektro Kereskedelmi Zrt.<\/li>\n<li>UPC Magyarorsz\u00e1g Kft.<\/li>\n<li>UST-2 Kft.<\/li>\n<li>Varihold Kft.<\/li>\n<li>Vodafone Magyarorsz\u00e1g Zrt.<\/li>\n<li>Westel Mobil Rt. (today Magyar Telekom Nyrt.)<\/li>\n<li>Zalaegerszeg, County Hospital<\/li>\n<\/ul>\n<\/td>\n<\/tr>\n<\/tbody>\n<\/table>\n","protected":false},"excerpt":{"rendered":"<p>Alba Internet \u00c1llami Biztos\u00edt\u00f3 (today \u00c1B AEGON) Atlas Telecom Kft. Auriga Corporation (USA) Avitec AB (Sweden) B\u00f6rzs\u00f6ny-Com Rt. CECOM Kft. CIB Bank Citi Net Rt. Comconsult Bt. Control Rt. Dunatel Kft. Elassys Kft. Els\u0151 Pesti Telefont\u00e1rsas\u00e1g Nyrt. Emitel Rt. (today Magyar Telekom Nyrt.) Ericsson Kft&#8230;.<\/p>\n","protected":false},"author":1,"featured_media":0,"parent":0,"menu_order":0,"comment_status":"closed","ping_status":"closed","template":"","meta":{"footnotes":""},"class_list":["post-28","page","type-page","status-publish","hentry"],"featured_image_urls_v2":{"full":"","thumbnail":"","medium":"","medium_large":"","large":"","1536x1536":"","2048x2048":"","portfolio-square":"","portfolio-portrait":"","portfolio-landscape":"","menu-featured-post":"","qode-carousel_slider":"","portfolio_slider":"","portfolio_masonry_regular":"","portfolio_masonry_wide":"","portfolio_masonry_tall":"","portfolio_masonry_large":"","portfolio_masonry_with_space":"","latest_post_boxes":"","qi_addons_for_elementor_image_size_square":"","qi_addons_for_elementor_image_size_landscape":"","qi_addons_for_elementor_image_size_portrait":"","qi_addons_for_elementor_image_size_huge-square":"","qi_blocks_image_size_square":"","qi_blocks_image_size_landscape":"","qi_blocks_image_size_portrait":"","qi_blocks_image_size_huge_square":""},"post_excerpt_stackable_v2":"<p>Alba Internet \u00c1llami Biztos\u00edt\u00f3 (today \u00c1B AEGON) Atlas Telecom Kft. Auriga Corporation (USA) Avitec AB (Sweden) B\u00f6rzs\u00f6ny-Com Rt. CECOM Kft. CIB Bank Citi Net Rt. Comconsult Bt. Control Rt. Dunatel Kft. Elassys Kft. Els\u0151 Pesti Telefont\u00e1rsas\u00e1g Nyrt. Emitel Rt. (today Magyar Telekom Nyrt.) Ericsson Kft. Fornax Zrt. F\u0151v\u00e1rosi V\u00edzm\u0171vek Zrt. Electronic communication network providers Hungarian Telephone and Cable Corporation (today Invitel Zrt.) IID Budapest Ministry of IT and Communication, Hungary Invitel Zrt. (and its former subsidiaries) J\u00e1sztel Rt. Kelet-N\u00f3gr\u00e1d-Com Rt. KFKI Zrt. Ministry of Transport, Communication and Water Management KPMG Kft. CATV service providers Subdivision operators LNX Kft. Magyar \u00c1llamvasutak&hellip;<\/p>\n","category_list_v2":"","author_info_v2":{"name":"administrator","url":"https:\/\/entel.hu\/en\/author\/administrator\/"},"comments_num_v2":"0 comments","_links":{"self":[{"href":"https:\/\/entel.hu\/en\/wp-json\/wp\/v2\/pages\/28","targetHints":{"allow":["GET"]}}],"collection":[{"href":"https:\/\/entel.hu\/en\/wp-json\/wp\/v2\/pages"}],"about":[{"href":"https:\/\/entel.hu\/en\/wp-json\/wp\/v2\/types\/page"}],"author":[{"embeddable":true,"href":"https:\/\/entel.hu\/en\/wp-json\/wp\/v2\/users\/1"}],"replies":[{"embeddable":true,"href":"https:\/\/entel.hu\/en\/wp-json\/wp\/v2\/comments?post=28"}],"version-history":[{"count":4,"href":"https:\/\/entel.hu\/en\/wp-json\/wp\/v2\/pages\/28\/revisions"}],"predecessor-version":[{"id":656,"href":"https:\/\/entel.hu\/en\/wp-json\/wp\/v2\/pages\/28\/revisions\/656"}],"wp:attachment":[{"href":"https:\/\/entel.hu\/en\/wp-json\/wp\/v2\/media?parent=28"}],"curies":[{"name":"wp","href":"https:\/\/api.w.org\/{rel}","templated":true}]}}