{"id":19,"date":"2011-12-01T08:34:56","date_gmt":"2011-12-01T08:34:56","guid":{"rendered":"http:\/\/localhost:81\/wordpress\/telecommunication-services\/"},"modified":"2019-03-01T17:07:52","modified_gmt":"2019-03-01T17:07:52","slug":"telco","status":"publish","type":"page","link":"https:\/\/entel.hu\/en\/telco\/","title":{"rendered":"Telecommunication services"},"content":{"rendered":"<h2>Introduction<\/h2>\n<p>The primary mission of our installation and implementation services is to support the development of Hungary&#8217;s mobile telephony industry.<\/p>\n<p>We have established connections in almost all areas of Hungary&#8217;s mobile telephony market and we have in-depth knowledge of the activities and achievements of service providers, regulatory bodies and authorities, inspectorates, as well as of the expectations of consumers. We strive to establish long-term relationships with customers which sets high standards for the quality of our work.<\/p>\n<h2>Advising and consulting services<\/h2>\n<p>Our core activities for companies operating in or entering the telecommunication market include<\/p>\n<ul>\n<li>Strategic planning<\/li>\n<li>Infrastructure planning and consultancy services<\/li>\n<li>Procurement engineering support services<\/li>\n<li>Regulation advisory services<\/li>\n<li>Compilation of analyses about the telecommunications market<\/li>\n<li>Advising on the installation of private networks<\/li>\n<li>System selection (bidding organisation, invitation of tenders)<\/li>\n<li>Advising on telecom privatization or acquisition<\/li>\n<li>Preparation and organisation of investments<\/li>\n<li>Economic efficiency and ROI calculations<\/li>\n<li>Compilation and evaluation of bids and tenders<\/li>\n<li>Preparation of telecom projects<\/li>\n<li>Technical\/legal analyses for telecom projects, advising on regulation<\/li>\n<li>Service licensing\/reporting of service launching<\/li>\n<\/ul>\n<h2>Design, planning and engineering services<\/h2>\n<p>Our design, planning and engineering services include<\/p>\n<ul>\n<li>Compilation of feasibility studies<\/li>\n<li>Preparation of business plans<\/li>\n<li>Preparation of corporate technical\/business plans<\/li>\n<li>Elaboration of marketing plans<\/li>\n<li>Elaboration of management development programs<\/li>\n<li>System planning<\/li>\n<li>Network planning: transmission, switching, IP<\/li>\n<li>Power and security system planning<\/li>\n<li>Planning of buildings<\/li>\n<li>Installation and pre-installation planning<\/li>\n<\/ul>\n<h2>Project and construction management<\/h2>\n<p>Entel is involved in the several activities as a project manager, main contractor, construction manager or sub-contractor with the assistance of its partners working in the building construction and network installation industries. Such activities include involvement in organisation and construction projects, network installation, building and underground construction. We also provide services of<\/p>\n<ul>\n<li>Preparation of construction projects<\/li>\n<li>Tender organisation<\/li>\n<li>Contracting services (with suppliers, subcontractors, etc.)<\/li>\n<li>Elaboration of cooperation and interconnection agreements<\/li>\n<li>Supervision of construction projects<\/li>\n<li>Technical supervision and auditing of project completion<\/li>\n<li>Quality assurance activities<\/li>\n<\/ul>\n<h2>Installation and implementation<\/h2>\n<p>Our core activities include planning, site-surveying and licensing and construction. We perform architectural and civil engineering of mobile base stations, survey of sites for base station installation of different technologies (including GSM, GSM-R, 3.5 GHz and 26 GHz services) and construction and turn-key delivery of mobile base stations and transceivers.<\/p>\n<h2>Service development and support<\/h2>\n<p>For service providers, our service development supporting activities include<\/p>\n<ul>\n<li>Regulation advisory related to service development<\/li>\n<li>Introduction of Next Generation Networks (NGN)<\/li>\n<li>Adaptation problem solving of optical networks<\/li>\n<li>Development of wireless networks<\/li>\n<li>Introduction of VoIP services<\/li>\n<li>Introduction of IP services<\/li>\n<li>Development of broadcasting systems<\/li>\n<li>Tetra service development<\/li>\n<li>GSM service development<\/li>\n<li>Preparation of the introduction of new telecommunications services<\/li>\n<li>Introduction of value added telecommunications services<\/li>\n<li>Elaboration and follow-up of telecom service licences\/reports<\/li>\n<\/ul>\n<p>Please contact us at <a href=\"mailto:entel@entel.hu\">entel@entel.hu<\/a> for futher information.<\/p>\n<h1>References<\/h1>\n<p><strong>Elaboration of telecommunications concession tender<\/strong><\/p>\n<ul>\n<li>For Kelet-N\u00f3gr\u00e1d-Com Rt. (HTCC): Salg\u00f3tarj\u00e1n primary area<\/li>\n<li>For B\u00f6rzs\u00f6ny-Com Rt.: V\u00e1c, G\u00f6d\u00f6ll\u0151 and Esztergom primary areas<\/li>\n<\/ul>\n<p><strong>National Communications Authority and its predecessors<\/strong><\/p>\n<ul>\n<li>Elaboration of the National Telecom Standards<\/li>\n<li>Type approval processes for digital PABX equipment<\/li>\n<li>Cooperation and consultation on the national regulation and acceptance testing of ISDN, the introduction and acceptance testing of the No. 7. signalling system and the introduction of OSS systems<\/li>\n<li>Preparatory activities related to telecommunications service licence requests<\/li>\n<li>Assistance in the compilation of basic technical plans<\/li>\n<li>Technical expertise and advice in relation with market survey plan<\/li>\n<li>Technical expertise in relation with secondary arbitrations<\/li>\n<li>Analysis of the technical processes of the reference offer for unbundled access to the local loop and for bitstream access<\/li>\n<li>Technical support on market surveillance activities<\/li>\n<li>Analysis on the methodology of on-site monitoring of the market surveillance<\/li>\n<li>Analysis of technical and regulatory aspects of the Short Message Services (SMS), exploration of misuse opportunities and other problems<\/li>\n<li>Subservience of the data gathering activity<\/li>\n<li>Overview and review of the Frequency Management Board\u2019s activities in technical aspect<\/li>\n<li>Contribution in the modernization of the numbering system (identifier management) for electronic communication<\/li>\n<li>Examination of the government decree engaged in authority\u2019s registrations which fall within the scope of the construction<\/li>\n<li>Technical expertise on technical-technological analysis, on networks co-operations, on technical regulation, and on technical regulatory strategy<\/li>\n<li>Analysis of premium rate services could use on electronic communications networks, highlighting the risk of consumers<\/li>\n<li>Examination on the facilities of access to FTTH GPON networks<\/li>\n<li>Analysis on regulatory aspects of the electronic mail (e-mail) services<\/li>\n<li>Examination on domestic position and facilities of regulation with technical-quality parameters of bitstream access services<\/li>\n<li>Analysis on potential access points and access interfaces of bitstream access services in NGA networks<\/li>\n<\/ul>\n<p><strong>KPMG<\/strong><\/p>\n<ul>\n<li>Technical audit (as a subcontractor) connected to the early disengagement of the 900 MHz frequency band used for the operation of MAT\u00c1V&#8217;s analogue radio subscriber loop (&#8216;AREH&#8217;) systems<\/li>\n<\/ul>\n<p><strong>Magyar Posta<\/strong><\/p>\n<ul>\n<li>Consultation on telecommunications and IT related matters<\/li>\n<li>Construction activity management in the Vodafone project, representing Magyar Posta Zrt.<\/li>\n<\/ul>\n<p><strong>M\u00c1V<\/strong><\/p>\n<ul>\n<li>Preparation of the introduction of ISDN services<\/li>\n<li>Preparation of the development of a telecommunications network<\/li>\n<\/ul>\n<p><strong>MVM Group<br \/>\n<\/strong><\/p>\n<ul>\n<li>Elaboration of the Telecommunications Development System Plan<\/li>\n<li>Management of telecom network development<\/li>\n<li>Pre-installation planning (OVIT Zrt.)<\/li>\n<li>Licensing of telecom networks and services<\/li>\n<li>Preparation of equipment supplier tenders<\/li>\n<li>Organisation of bidding for a PABX project, project management<\/li>\n<li>ISDN measurements<\/li>\n<li>LTE450 network procurement engineering services<\/li>\n<li>National Backbone Network development support services<\/li>\n<\/ul>\n<p><strong>Els\u0151 Pesti Telefont\u00e1rsas\u00e1g<\/strong><\/p>\n<ul>\n<li>Regulation and service development in relation with electronic communication services<\/li>\n<li>Replying regulatory questions arose during telecommunication and IT activities and developments<\/li>\n<\/ul>\n<p><strong>NOKIA<\/strong><\/p>\n<ul>\n<li>Marketing consultation<\/li>\n<li>ISDN cooperation tests and measurements<\/li>\n<li>Consultation on building permit obtainment<\/li>\n<\/ul>\n<p><strong>Pannon GSM<\/strong><\/p>\n<ul>\n<li>Management and telecom consultation<\/li>\n<li>Service licensing (Voice over IP)<\/li>\n<\/ul>\n<p><strong>Pantel (today Invitel)<\/strong><\/p>\n<ul>\n<li>Licensing of telecommunications services<\/li>\n<\/ul>\n<p><strong>Vodafone Magyarorsz\u00e1g<\/strong><\/p>\n<ul>\n<li>Supply of GSM repeaters (AVITEC)<\/li>\n<\/ul>\n<p><strong>Invitel and its former subsidiaries<\/strong><\/p>\n<ul>\n<li>Management of installation of optical cables, in cooperation with M\u00c1V Zrt.<\/li>\n<li>Project management: management of GIS project<\/li>\n<li>Consultation on telecommunications and IT related matters<\/li>\n<li>Licensing of telecom services, reporting of launch of such services to authorities<\/li>\n<li>Elaboration of data security and other internal regulations<\/li>\n<li>Annual review of the workplace and working environment, risk assessment<\/li>\n<\/ul>\n<p><strong>OTP Bank<\/strong><\/p>\n<ul>\n<li>Analysis of the customer service processes in telecommunications and informatics aspect<\/li>\n<\/ul>\n<p><strong>Ministry of IT and Communications<\/strong><\/p>\n<ul>\n<li>Technical principles for the modernisation of the regulation of communications<\/li>\n<\/ul>\n<p><strong>Other activities<\/strong><\/p>\n<ul>\n<li>Revision and evaluation of telecom plans and offers, their compilation for Ny\u00edrtelecom Kft.<\/li>\n<li>Telecom survey for Telecom Finland, cooperation with Telecon Oy (Finland)<\/li>\n<li>Evaluation of bids for PABX installation for F\u0151v\u00e1rosi V\u00edzm\u0171vek Zrt.<\/li>\n<li>Evaluation of business plans of concession telephone companies for IID Budapest<\/li>\n<li>Telecom vetting, study for development for MAL\u00c9V Zrt.<\/li>\n<li>Planning and turn-key installation of microwave connection for County Hospital in Zalaegerszeg<\/li>\n<li>Compilation of Internet Club feasibility study for Transelektro Zrt.<\/li>\n<li>Participation in the compilation of a feasibility study for the Ministry of the Interior, a subcontractor assignment from Auriga Corporation<\/li>\n<li>Drafting of principles for the regulation of the telecommunications, IT and technical aspects of the regulation of services, for the IT Government Commissioner&#8217;s Office of the Prime Minister&#8217;s Office<\/li>\n<li>For telecommunications services: preparation, authority licensing and reporting of launch to authorities, for other companies (ATLAS T\u00e1vk\u00f6zl\u00e9si Kft., CeCOM Kft., Magyar Telekom Nyrt. (Mat\u00e1v Rt.), TeleTrade Kft., UPC Magyarorsz\u00e1g Kft., UST 2 Kft.)<\/li>\n<\/ul>\n<h2>Installation and implementation references<\/h2>\n<ul>\n<li>Ericsson Magyarorsz\u00e1g Kft: base station permitting<\/li>\n<li>MVM Rt: Installation of base stations on high voltage pylons\n<ul>\n<li>Site survey<\/li>\n<li>Static construction planning<\/li>\n<li>Permitting<\/li>\n<\/ul>\n<\/li>\n<li>Pannon GSM Rt: In connection with GSM base stations\n<ul>\n<li>Site survey<\/li>\n<li>Obtainment of occupancy permits<\/li>\n<li>Management of process of height restriction registration (ensuring line-of-sight of microwave connections)<\/li>\n<li>Static construction planning<\/li>\n<li>Assistance in installation activities<\/li>\n<\/ul>\n<\/li>\n<li>PanTel Rt: Site survey<\/li>\n<li>Dunatel Kft.\n<ul>\n<li>Site survey<\/li>\n<li>Static construction planning<\/li>\n<li>Assistance in installation activities<\/li>\n<\/ul>\n<\/li>\n<li>Westel Mobil Rt: Installation of base stations on high voltage pylons\n<ul>\n<li>Site survey<\/li>\n<li>Static construction planning<\/li>\n<li>Permitting<\/li>\n<\/ul>\n<\/li>\n<\/ul>\n","protected":false},"excerpt":{"rendered":"<h2>Introduction<\/h2>\n<p>The primary mission of our installation and implementation services is to support the development of Hungary&#8217;s mobile telephony industry.<\/p>\n<p>We have established connections in almost all areas of Hungary&#8217;s mobile telephony market and we have in-depth knowledge of the activities and achievements of service providers, regulatory bodies and authorities, inspectorates, as well as of the expectations of consumers. We strive to establish long-term relationships with customers which sets high standards for the quality of our work.<\/p>\n<h2>Advising and consulting services<\/h2>\n<p>Our core activities for companies operating in or entering the telecommunication market include<\/p>\n<ul>\n<li>Regulation advisory services<\/li>\n<li>Compilation of analyses about the telecommunications market<\/li>\n<li>Advising on the installation of private networks<\/li>\n<li>System selection (bidding organisation, invitation of tenders)<\/li>\n<li>Advising on telecom privatization or acquisition<\/li>\n<li>Preparation and organisation of investments<\/li>\n<li>Economic efficiency and ROI calculations<\/li>\n<li>Compilation and evaluation of bids and tenders<\/li>\n<li>Preparation of telecom projects<\/li>\n<li>Technical\/legal analyses for telecom projects, advising on regulation<\/li>\n<li>Service licensing\/reporting of service launching<\/li>\n<\/ul>\n<h2>Planning and engineering services<\/h2>\n<p>Our planning and engineering services include<\/p>\n<ul>\n<li>Compilation of feasibility studies<\/li>\n<li>Preparation of business plans<\/li>\n<li>Preparation of corporate technical\/business plans<\/li>\n<li>Elaboration of marketing plans<\/li>\n<li>Elaboration of management development programs<\/li>\n<li>System planning<\/li>\n<li>Network planning: transmission, switching, IP<\/li>\n<li>Power and security system planning<\/li>\n<li>Planning of buildings<\/li>\n<li>Installation and pre-installation planning<\/li>\n<\/ul>\n<h2>Project and construction management<\/h2>\n<p>Entel is involved in the several activities as a project manager, main contractor, construction manager or sub-contractor with the assistance of its partners working in the building construction and network installation industries. Such activities include involvement in organisation and construction projects, network installation, building and underground construction. We also provide services of<\/p>\n<ul>\n<li>Preparation of construction projects<\/li>\n<li>Tender organisation<\/li>\n<li>Contracting services (with suppliers, subcontractors, etc.)<\/li>\n<li>Elaboration of cooperation and interconnection agreements<\/li>\n<li>Supervision of construction projects<\/li>\n<li>Technical supervision and auditing of project completion<\/li>\n<li>Quality assurance activities<\/li>\n<\/ul>\n<h2>Installation and implementation<\/h2>\n<p>Our core activities include planning, site-surveying and licensing and construction. We perform architectural and civil engineering of mobile base stations, survey of sites for base station installation of different technologies (including GSM, GSM-R, 3.5 GHz and 26 GHz services) and construction and turn-key delivery of mobile base stations and transceivers.<\/p>\n<h2>Service development and support<\/h2>\n<p>For service providers, our service development supporting activities include<\/p>\n<ul>\n<li>Regulation advisory related to service development<\/li>\n<li>Introduction of Next Generation Networks (NGN)<\/li>\n<li>Adaptation problem solving of optical networks<\/li>\n<li>Development of wireless networks<\/li>\n<li>Introduction of VoIP services<\/li>\n<li>Introduction of IP services<\/li>\n<li>Development of broadcasting systems<\/li>\n<li>Tetra service development<\/li>\n<li>GSM service development<\/li>\n<li>Preparation of the introduction of new telecommunications services<\/li>\n<li>Introduction of value added telecommunications services<\/li>\n<li>Elaboration and follow-up of telecom service licences\/reports<\/li>\n<li>No. 7. signalling system and ISDN network and service development<\/li>\n<li>Introduction of ISDN services, customisation of services<\/li>\n<\/ul>\n<p>Please contact us at <a href=\"mailto:entel@entel.hu\">entel@entel.hu<\/a> for futher information.<\/p>\n","protected":false},"author":1,"featured_media":0,"parent":0,"menu_order":0,"comment_status":"closed","ping_status":"closed","template":"","meta":{"footnotes":""},"class_list":["post-19","page","type-page","status-publish","hentry"],"featured_image_urls_v2":{"full":"","thumbnail":"","medium":"","medium_large":"","large":"","1536x1536":"","2048x2048":"","portfolio-square":"","portfolio-portrait":"","portfolio-landscape":"","menu-featured-post":"","qode-carousel_slider":"","portfolio_slider":"","portfolio_masonry_regular":"","portfolio_masonry_wide":"","portfolio_masonry_tall":"","portfolio_masonry_large":"","portfolio_masonry_with_space":"","latest_post_boxes":"","qi_addons_for_elementor_image_size_square":"","qi_addons_for_elementor_image_size_landscape":"","qi_addons_for_elementor_image_size_portrait":"","qi_addons_for_elementor_image_size_huge-square":"","qi_blocks_image_size_square":"","qi_blocks_image_size_landscape":"","qi_blocks_image_size_portrait":"","qi_blocks_image_size_huge_square":""},"post_excerpt_stackable_v2":"<h2>Introduction<\/h2>\n<p>The primary mission of our installation and implementation services is to support the development of Hungary&#8217;s mobile telephony industry.<\/p>\n<p>We have established connections in almost all areas of Hungary&#8217;s mobile telephony market and we have in-depth knowledge of the activities and achievements of service providers, regulatory bodies and authorities, inspectorates, as well as of the expectations of consumers. We strive to establish long-term relationships with customers which sets high standards for the quality of our work.<\/p>\n<h2>Advising and consulting services<\/h2>\n<p>Our core activities for companies operating in or entering the telecommunication market include<\/p>\n<ul>\n<li>Regulation advisory services<\/li>\n<li>Compilation of analyses about the telecommunications market<\/li>\n<li>Advising on the installation of private networks<\/li>\n<li>System selection (bidding organisation, invitation of tenders)<\/li>\n<li>Advising on telecom privatization or acquisition<\/li>\n<li>Preparation and organisation of investments<\/li>\n<li>Economic efficiency and ROI calculations<\/li>\n<li>Compilation and evaluation of bids and tenders<\/li>\n<li>Preparation of telecom projects<\/li>\n<li>Technical\/legal analyses for telecom projects, advising on regulation<\/li>\n<li>Service licensing\/reporting of service launching<\/li>\n<\/ul>\n<h2>Planning and engineering services<\/h2>\n<p>Our planning and engineering services include<\/p>\n<ul>\n<li>Compilation of feasibility studies<\/li>\n<li>Preparation of business plans<\/li>\n<li>Preparation of corporate technical\/business plans<\/li>\n<li>Elaboration of marketing plans<\/li>\n<li>Elaboration of management development programs<\/li>\n<li>System planning<\/li>\n<li>Network planning: transmission, switching, IP<\/li>\n<li>Power and security system planning<\/li>\n<li>Planning of buildings<\/li>\n<li>Installation and pre-installation planning<\/li>\n<\/ul>\n<h2>Project and construction management<\/h2>\n<p>Entel is involved in the several activities as a project manager, main contractor, construction manager or sub-contractor with the assistance of its partners working in the building construction and network installation industries. Such activities include involvement in organisation and construction projects, network installation, building and underground construction. We also provide services of<\/p>\n<ul>\n<li>Preparation of construction projects<\/li>\n<li>Tender organisation<\/li>\n<li>Contracting services (with suppliers, subcontractors, etc.)<\/li>\n<li>Elaboration of cooperation and interconnection agreements<\/li>\n<li>Supervision of construction projects<\/li>\n<li>Technical supervision and auditing of project completion<\/li>\n<li>Quality assurance activities<\/li>\n<\/ul>\n<h2>Installation and implementation<\/h2>\n<p>Our core activities include planning, site-surveying and licensing and construction. We perform architectural and civil engineering of mobile base stations, survey of sites for base station installation of different technologies (including GSM, GSM-R, 3.5 GHz and 26 GHz services) and construction and turn-key delivery of mobile base stations and transceivers.<\/p>\n<h2>Service development and support<\/h2>\n<p>For service providers, our service development supporting activities include<\/p>\n<ul>\n<li>Regulation advisory related to service development<\/li>\n<li>Introduction of Next Generation Networks (NGN)<\/li>\n<li>Adaptation problem solving of optical networks<\/li>\n<li>Development of wireless networks<\/li>\n<li>Introduction of VoIP services<\/li>\n<li>Introduction of IP services<\/li>\n<li>Development of broadcasting systems<\/li>\n<li>Tetra service development<\/li>\n<li>GSM service development<\/li>\n<li>Preparation of the introduction of new telecommunications services<\/li>\n<li>Introduction of value added telecommunications services<\/li>\n<li>Elaboration and follow-up of telecom service licences\/reports<\/li>\n<li>No. 7. signalling system and ISDN network and service development<\/li>\n<li>Introduction of ISDN services, customisation of services<\/li>\n<\/ul>\n<p>Please contact us at <a href=\"mailto:entel@entel.hu\">entel@entel.hu<\/a> for futher information.<\/p>\n","category_list_v2":"","author_info_v2":{"name":"administrator","url":"https:\/\/entel.hu\/en\/author\/administrator\/"},"comments_num_v2":"0 comments","_links":{"self":[{"href":"https:\/\/entel.hu\/en\/wp-json\/wp\/v2\/pages\/19","targetHints":{"allow":["GET"]}}],"collection":[{"href":"https:\/\/entel.hu\/en\/wp-json\/wp\/v2\/pages"}],"about":[{"href":"https:\/\/entel.hu\/en\/wp-json\/wp\/v2\/types\/page"}],"author":[{"embeddable":true,"href":"https:\/\/entel.hu\/en\/wp-json\/wp\/v2\/users\/1"}],"replies":[{"embeddable":true,"href":"https:\/\/entel.hu\/en\/wp-json\/wp\/v2\/comments?post=19"}],"version-history":[{"count":4,"href":"https:\/\/entel.hu\/en\/wp-json\/wp\/v2\/pages\/19\/revisions"}],"predecessor-version":[{"id":659,"href":"https:\/\/entel.hu\/en\/wp-json\/wp\/v2\/pages\/19\/revisions\/659"}],"wp:attachment":[{"href":"https:\/\/entel.hu\/en\/wp-json\/wp\/v2\/media?parent=19"}],"curies":[{"name":"wp","href":"https:\/\/api.w.org\/{rel}","templated":true}]}}