{"id":18,"date":"2011-12-01T08:27:39","date_gmt":"2011-12-01T08:27:39","guid":{"rendered":"http:\/\/localhost:81\/wordpress\/contact-info\/"},"modified":"2019-03-01T17:04:31","modified_gmt":"2019-03-01T17:04:31","slug":"contact-info","status":"publish","type":"page","link":"https:\/\/entel.hu\/en\/contact-info\/","title":{"rendered":"Contact info"},"content":{"rendered":"<p>If you need an ICT or acoustic expert in your project, feel free to contact us!<\/span> <span class=\"\" title=\"\">We would be pleased if we could discuss further details with you.<\/p>\n<table class=\"szoveg\" border=\"0\" cellspacing=\"0\" cellpadding=\"0\">\n<tbody>\n<tr>\n<td><b>Office:<\/b><\/td>\n<td>Entel Kft., H-1025 Budapest, Sz\u00e9pv\u00f6lgyi \u00fat 32., Hungary<\/td>\n<\/tr>\n<tr>\n<td><b>Postal address:<\/b><\/td>\n<td>H-1301 Budapest 30., Pf.: 94., Hungary<\/td>\n<\/tr>\n<tr>\n<td><b><i class=\"fa fa-phone\"><\/i> Phone<\/b><\/td>\n<td>+36 1 336 0400<\/td>\n<\/tr>\n<tr>\n<td><b>E-mail:<\/b><\/td>\n<td><a class=\"link\" href=\"mailto:info@entel.hu\">info@entel.hu<\/a><\/td>\n<\/tr>\n<\/tbody>\n<\/table>\n<div id=\"wpgmza_map\" class=\"wpgmza_map\" data-settings='{\"id\":\"1\",\"map_title\":\"Entel\",\"map_width\":\"100\",\"map_height\":\"400\",\"map_start_lat\":\"47.527004\",\"map_start_lng\":\"19.036006\",\"map_start_location\":\"47.52700437428544,19.036006470886274\",\"map_start_zoom\":\"15\",\"default_marker\":\"0\",\"type\":\"1\",\"alignment\":\"1\",\"directions_enabled\":\"1\",\"styling_enabled\":\"0\",\"styling_json\":\"\",\"active\":\"0\",\"kml\":\"\",\"bicycle\":\"0\",\"traffic\":\"0\",\"dbox\":\"1\",\"dbox_width\":\"100\",\"listmarkers\":\"0\",\"listmarkers_advanced\":\"0\",\"filterbycat\":\"0\",\"ugm_enabled\":\"0\",\"ugm_category_enabled\":\"0\",\"fusion\":\"\",\"map_width_type\":\"\\\\%\",\"map_height_type\":\"px\",\"mass_marker_support\":\"1\",\"ugm_access\":\"0\",\"order_markers_by\":\"1\",\"order_markers_choice\":\"2\",\"show_user_location\":\"0\",\"default_to\":\"\",\"other_settings\":{\"store_locator_enabled\":2,\"store_locator_distance\":2,\"store_locator_bounce\":1,\"store_locator_query_string\":\"ZIP \\\/ Address:\",\"wpgmza_store_locator_restrict\":\"\",\"map_max_zoom\":\"1\",\"transport_layer\":0,\"wpgmza_theme_data\":\"\"}}' data-map-id='1' Data-maps-engine='' data-shortcode-attributes='{\"id\":\"1\"}' style=\"display:block; overflow:auto; width:100%; height:400px; float:left;\"><\/div>\n","protected":false},"excerpt":{"rendered":"<p>If you need an ICT or acoustic expert in your project, feel free to contact us! We would be pleased if we could discuss further details with you. Office: Entel Kft., H-1025 Budapest, Sz\u00e9pv\u00f6lgyi \u00fat 32., Hungary Postal address: H-1301 Budapest 30., Pf.: 94., Hungary&#8230;<\/p>\n","protected":false},"author":1,"featured_media":0,"parent":0,"menu_order":0,"comment_status":"closed","ping_status":"closed","template":"","meta":{"footnotes":""},"class_list":["post-18","page","type-page","status-publish","hentry"],"featured_image_urls_v2":{"full":"","thumbnail":"","medium":"","medium_large":"","large":"","1536x1536":"","2048x2048":"","portfolio-square":"","portfolio-portrait":"","portfolio-landscape":"","menu-featured-post":"","qode-carousel_slider":"","portfolio_slider":"","portfolio_masonry_regular":"","portfolio_masonry_wide":"","portfolio_masonry_tall":"","portfolio_masonry_large":"","portfolio_masonry_with_space":"","latest_post_boxes":"","qi_addons_for_elementor_image_size_square":"","qi_addons_for_elementor_image_size_landscape":"","qi_addons_for_elementor_image_size_portrait":"","qi_addons_for_elementor_image_size_huge-square":"","qi_blocks_image_size_square":"","qi_blocks_image_size_landscape":"","qi_blocks_image_size_portrait":"","qi_blocks_image_size_huge_square":""},"post_excerpt_stackable_v2":"<p>If you need an ICT or acoustic expert in your project, feel free to contact us! We would be pleased if we could discuss further details with you. Office: Entel Kft., H-1025 Budapest, Sz\u00e9pv\u00f6lgyi \u00fat 32., Hungary Postal address: H-1301 Budapest 30., Pf.: 94., Hungary Phone +36 1 336 0400 E-mail: info@entel.hu<\/p>\n","category_list_v2":"","author_info_v2":{"name":"administrator","url":"https:\/\/entel.hu\/en\/author\/administrator\/"},"comments_num_v2":"0 comments","_links":{"self":[{"href":"https:\/\/entel.hu\/en\/wp-json\/wp\/v2\/pages\/18","targetHints":{"allow":["GET"]}}],"collection":[{"href":"https:\/\/entel.hu\/en\/wp-json\/wp\/v2\/pages"}],"about":[{"href":"https:\/\/entel.hu\/en\/wp-json\/wp\/v2\/types\/page"}],"author":[{"embeddable":true,"href":"https:\/\/entel.hu\/en\/wp-json\/wp\/v2\/users\/1"}],"replies":[{"embeddable":true,"href":"https:\/\/entel.hu\/en\/wp-json\/wp\/v2\/comments?post=18"}],"version-history":[{"count":7,"href":"https:\/\/entel.hu\/en\/wp-json\/wp\/v2\/pages\/18\/revisions"}],"predecessor-version":[{"id":667,"href":"https:\/\/entel.hu\/en\/wp-json\/wp\/v2\/pages\/18\/revisions\/667"}],"wp:attachment":[{"href":"https:\/\/entel.hu\/en\/wp-json\/wp\/v2\/media?parent=18"}],"curies":[{"name":"wp","href":"https:\/\/api.w.org\/{rel}","templated":true}]}}